{"id":423,"date":"2019-01-18T16:46:38","date_gmt":"2019-01-18T15:46:38","guid":{"rendered":"https:\/\/www.club-fit.eu\/instalaciones\/resistance-equipment\/"},"modified":"2025-02-25T12:46:49","modified_gmt":"2025-02-25T11:46:49","slug":"maquinas-musculacion","status":"publish","type":"page","link":"https:\/\/www.club-fit.eu\/es\/instalaciones\/maquinas-musculacion\/","title":{"rendered":"Maquinas musculaci\u00f3n"},"content":{"rendered":"<p>Club Fit Javea ofrece una amplia gama de equipos de resistencia para proporcionar lo m\u00e1ximo en calidad, variedad y disponibilidad.<\/p>\n<p>Nuestras salas de musculaci\u00f3n incluyen:<\/p>\n<ul>\n<li>M\u00e1quinas de apilado de pesas<\/li>\n<li>Equipos de placas<\/li>\n<li>M\u00e1quinas hidr\u00e1ulicas<\/li>\n<li>Estaci\u00f3n de poleas<\/li>\n<li>Plataformas de vibraci\u00f3n<\/li>\n<li>Bancos<\/li>\n<li>Barras ol\u00edmpicas<\/li>\n<li>Barras<\/li>\n<li>Mancuernas (hasta 50 kg)<\/li>\n<\/ul>\n<p>Mientras que para el culturista serio o el levantador de pesas experimentado, los pesos libres, los equipos de placas y las m\u00e1quinas de apilado de pesas son la mejor opci\u00f3n, las m\u00e1quinas hidr\u00e1ulicas son m\u00e1s seguras y m\u00e1s efectivas para el estudiante promedio de gimnasia y para los principiantes, ya que los sistemas hidr\u00e1ulicos no representan un riesgo de levantamiento o sobrecarga inadecuados.<\/p>\n","protected":false},"excerpt":{"rendered":"<p>Club Fit Javea ofrece una amplia gama de equipos de resistencia para proporcionar lo m\u00e1ximo en calidad, variedad y disponibilidad. Nuestras salas de musculaci\u00f3n incluyen: [&hellip;]<\/p>\n","protected":false},"author":1,"featured_media":2174,"parent":410,"menu_order":0,"comment_status":"closed","ping_status":"closed","template":"","meta":{"_seopress_robots_primary_cat":"","_seopress_titles_title":"","_seopress_titles_desc":"","_seopress_robots_index":"","footnotes":""},"class_list":["post-423","page","type-page","status-publish","has-post-thumbnail","hentry"],"_links":{"self":[{"href":"https:\/\/www.club-fit.eu\/es\/wp-json\/wp\/v2\/pages\/423","targetHints":{"allow":["GET"]}}],"collection":[{"href":"https:\/\/www.club-fit.eu\/es\/wp-json\/wp\/v2\/pages"}],"about":[{"href":"https:\/\/www.club-fit.eu\/es\/wp-json\/wp\/v2\/types\/page"}],"author":[{"embeddable":true,"href":"https:\/\/www.club-fit.eu\/es\/wp-json\/wp\/v2\/users\/1"}],"replies":[{"embeddable":true,"href":"https:\/\/www.club-fit.eu\/es\/wp-json\/wp\/v2\/comments?post=423"}],"version-history":[{"count":0,"href":"https:\/\/www.club-fit.eu\/es\/wp-json\/wp\/v2\/pages\/423\/revisions"}],"up":[{"embeddable":true,"href":"https:\/\/www.club-fit.eu\/es\/wp-json\/wp\/v2\/pages\/410"}],"wp:featuredmedia":[{"embeddable":true,"href":"https:\/\/www.club-fit.eu\/es\/wp-json\/wp\/v2\/media\/2174"}],"wp:attachment":[{"href":"https:\/\/www.club-fit.eu\/es\/wp-json\/wp\/v2\/media?parent=423"}],"curies":[{"name":"wp","href":"https:\/\/api.w.org\/{rel}","templated":true}]}}