{"id":421,"date":"2019-01-18T16:47:22","date_gmt":"2019-01-18T15:47:22","guid":{"rendered":"https:\/\/www.club-fit.eu\/instalaciones\/group-exercise\/"},"modified":"2024-07-04T11:07:55","modified_gmt":"2024-07-04T09:07:55","slug":"actividades-dirigidas","status":"publish","type":"page","link":"https:\/\/www.club-fit.eu\/es\/instalaciones\/actividades-dirigidas\/","title":{"rendered":"Actividades Dirigidas"},"content":{"rendered":"<p>Nuestra amplia gama de actividades dirigidas te ayuda a hacer que tu entrenamiento sea un poco m\u00e1s variado, a alcanzar tus objetivos y a explorar nuevos m\u00e9todos de entrenamiento junto con otras personas de ideas afines. No importa si eres un adicto a la actividad f\u00edsica o un principiante, si deseas competir y llegar al l\u00edmite o aliviar el estr\u00e9s mientras te concentras en tu respiraci\u00f3n, en Club Fit Javea encontrar\u00e1s la clase perfecta para ti. Si necesitas ayuda para decidir, puedes encontrar m\u00e1s informaci\u00f3n sobre nuestros cursos, que incluyen entrenamiento funcional, entrenamiento de intensidad alta (H.I.T.) y artes marciales mixtas, danza, cardio y cuerpo y mente.<\/p>\n<p>Hay muchas beneficios al asistir a un curso en Club Fit Javea:<\/p>\n<p><strong>Grupos peque\u00f1os, resultados excelentes:<\/strong> En Club Fit Javea impartimos cursos de acuerdo con el sistema IFC\u00ae. Este sistema \u00fanico de entrenamiento fue desarrollado por profesionales de la aptitud f\u00edsica basados \u200b\u200ben la ciencia del deporte y a\u00f1os de experiencia. Un entrenador calificado de IFC te gu\u00eda a lo largo de la clase para que puedas entrenarte de acuerdo con tu propio nivel de rendimiento. Se enfocar\u00e1 en tu nivel personal y tus habilidades durante la sesi\u00f3n. Las instrucciones individuales y los comentarios personales te ayudan a alcanzar tus objetivos m\u00e1s r\u00e1pido y a mantenerte motivado.<\/p>\n<p><strong>Variedad y motivaci\u00f3n:<\/strong> Las clases grupales son una excelente manera de agregar variedad a tus rutinas de ejercicios y evitar el estancamiento o el aburrimiento. Nuestros entrenadores calificados no solo te gu\u00edan, sino que tambi\u00e9n te motivan e inspiran, por lo que siempre deseas regresar.<\/p>\n<p><strong>Diversi\u00f3n y amigos:<\/strong> Es m\u00e1s divertido ponerse en forma entrenandose en un grupo. La din\u00e1mica especial del grupo aumenta tu motivaci\u00f3n y te permite lograr mejores resultados. Tambi\u00e9n es una manera excelente de conocer personas nuevas y compa\u00f1eros nuevos. Y as\u00ed podr\u00e1s hacer amigos r\u00e1pidamente.<\/p>\n","protected":false},"excerpt":{"rendered":"<p>Nuestra amplia gama de actividades dirigidas te ayuda a hacer que tu entrenamiento sea un poco m\u00e1s variado, a alcanzar tus objetivos y a explorar [&hellip;]<\/p>\n","protected":false},"author":1,"featured_media":1974,"parent":410,"menu_order":0,"comment_status":"closed","ping_status":"closed","template":"","meta":{"_seopress_robots_primary_cat":"","_seopress_titles_title":"","_seopress_titles_desc":"","_seopress_robots_index":"","footnotes":""},"class_list":["post-421","page","type-page","status-publish","has-post-thumbnail","hentry"],"_links":{"self":[{"href":"https:\/\/www.club-fit.eu\/es\/wp-json\/wp\/v2\/pages\/421","targetHints":{"allow":["GET"]}}],"collection":[{"href":"https:\/\/www.club-fit.eu\/es\/wp-json\/wp\/v2\/pages"}],"about":[{"href":"https:\/\/www.club-fit.eu\/es\/wp-json\/wp\/v2\/types\/page"}],"author":[{"embeddable":true,"href":"https:\/\/www.club-fit.eu\/es\/wp-json\/wp\/v2\/users\/1"}],"replies":[{"embeddable":true,"href":"https:\/\/www.club-fit.eu\/es\/wp-json\/wp\/v2\/comments?post=421"}],"version-history":[{"count":0,"href":"https:\/\/www.club-fit.eu\/es\/wp-json\/wp\/v2\/pages\/421\/revisions"}],"up":[{"embeddable":true,"href":"https:\/\/www.club-fit.eu\/es\/wp-json\/wp\/v2\/pages\/410"}],"wp:featuredmedia":[{"embeddable":true,"href":"https:\/\/www.club-fit.eu\/es\/wp-json\/wp\/v2\/media\/1974"}],"wp:attachment":[{"href":"https:\/\/www.club-fit.eu\/es\/wp-json\/wp\/v2\/media?parent=421"}],"curies":[{"name":"wp","href":"https:\/\/api.w.org\/{rel}","templated":true}]}}