{"id":2215,"date":"2025-10-01T12:50:31","date_gmt":"2025-10-01T10:50:31","guid":{"rendered":"https:\/\/www.club-fit.eu\/clases\/trx\/"},"modified":"2025-10-01T13:06:10","modified_gmt":"2025-10-01T11:06:10","slug":"trx","status":"publish","type":"page","link":"https:\/\/www.club-fit.eu\/es\/clases\/trx\/","title":{"rendered":"TRX"},"content":{"rendered":"<p>TRX es una clase de 50 minutos de duraci\u00f3n. Este entrenamiento requiere el uso del TRX, una herramienta que aprovecha la gravedad y el peso corporal del sujeto para realizar cientos de ejercicios, entrenamientos m\u00e1s completos que nos ayudan a trabajar m\u00e1s grupos de m\u00fasculos. Descrubrir\u00e1s c\u00f3mo tonificar no solo es cuesti\u00f3n del entrenamiento con pesas, el etrenamiento en TRX implica muchos movimientos y tonifica todos tus m\u00fasculos.<\/p>\n","protected":false},"excerpt":{"rendered":"<p>TRX es una clase de 50 minutos de duraci\u00f3n. Este entrenamiento requiere el uso del TRX, una herramienta que aprovecha la gravedad y el peso [&hellip;]<\/p>\n","protected":false},"author":1,"featured_media":2213,"parent":19,"menu_order":0,"comment_status":"closed","ping_status":"closed","template":"","meta":{"_seopress_robots_primary_cat":"","_seopress_titles_title":"","_seopress_titles_desc":"TRX es una clase de 50 minutos. Este entrenamiento requiere el uso de TRX, una herramienta que aprovecha la gravedad y el peso corporal del sujeto.","_seopress_robots_index":"","footnotes":""},"class_list":["post-2215","page","type-page","status-publish","has-post-thumbnail","hentry"],"_links":{"self":[{"href":"https:\/\/www.club-fit.eu\/es\/wp-json\/wp\/v2\/pages\/2215","targetHints":{"allow":["GET"]}}],"collection":[{"href":"https:\/\/www.club-fit.eu\/es\/wp-json\/wp\/v2\/pages"}],"about":[{"href":"https:\/\/www.club-fit.eu\/es\/wp-json\/wp\/v2\/types\/page"}],"author":[{"embeddable":true,"href":"https:\/\/www.club-fit.eu\/es\/wp-json\/wp\/v2\/users\/1"}],"replies":[{"embeddable":true,"href":"https:\/\/www.club-fit.eu\/es\/wp-json\/wp\/v2\/comments?post=2215"}],"version-history":[{"count":0,"href":"https:\/\/www.club-fit.eu\/es\/wp-json\/wp\/v2\/pages\/2215\/revisions"}],"up":[{"embeddable":true,"href":"https:\/\/www.club-fit.eu\/es\/wp-json\/wp\/v2\/pages\/19"}],"wp:featuredmedia":[{"embeddable":true,"href":"https:\/\/www.club-fit.eu\/es\/wp-json\/wp\/v2\/media\/2213"}],"wp:attachment":[{"href":"https:\/\/www.club-fit.eu\/es\/wp-json\/wp\/v2\/media?parent=2215"}],"curies":[{"name":"wp","href":"https:\/\/api.w.org\/{rel}","templated":true}]}}