{"id":2160,"date":"2025-08-01T15:02:18","date_gmt":"2025-08-01T13:02:18","guid":{"rendered":"https:\/\/www.club-fit.eu\/?page_id=2160"},"modified":"2025-08-07T15:08:26","modified_gmt":"2025-08-07T13:08:26","slug":"fisioterapeuta","status":"publish","type":"page","link":"https:\/\/www.club-fit.eu\/es\/fisioterapeuta\/","title":{"rendered":"Fisioterapeuta"},"content":{"rendered":"<p>Nuestro objetivo es mejorar su calidad de vida mediante t\u00e9cnicas avanzadas de fisioterapia y tratamientos personalizados.<\/p>\n<h2>Servicios de fisioterapia<\/h2>\n<ul>\n<li>Rehabilitaci\u00f3n postquir\u00fargica y postraum\u00e1tica.<\/li>\n<li>Fisioterapia deportiva y readaptaci\u00f3n.<\/li>\n<li>Terapia manual y masoterapia.<\/li>\n<li>Reeducaci\u00f3n postural y ejercicios terap\u00e9uticos.<\/li>\n<\/ul>\n<p><strong>Fisioterapia Rub\u00e9n Castell\u00f3 Caballero<\/strong><\/p>\n","protected":false},"excerpt":{"rendered":"<p>Nuestro objetivo es mejorar su calidad de vida mediante t\u00e9cnicas avanzadas de fisioterapia y tratamientos personalizados. Servicios de fisioterapia Rehabilitaci\u00f3n postquir\u00fargica y postraum\u00e1tica. Fisioterapia deportiva [&hellip;]<\/p>\n","protected":false},"author":1,"featured_media":2168,"parent":0,"menu_order":0,"comment_status":"closed","ping_status":"closed","template":"","meta":{"_seopress_robots_primary_cat":"","_seopress_titles_title":"","_seopress_titles_desc":"","_seopress_robots_index":"","footnotes":""},"class_list":["post-2160","page","type-page","status-publish","has-post-thumbnail","hentry"],"_links":{"self":[{"href":"https:\/\/www.club-fit.eu\/es\/wp-json\/wp\/v2\/pages\/2160","targetHints":{"allow":["GET"]}}],"collection":[{"href":"https:\/\/www.club-fit.eu\/es\/wp-json\/wp\/v2\/pages"}],"about":[{"href":"https:\/\/www.club-fit.eu\/es\/wp-json\/wp\/v2\/types\/page"}],"author":[{"embeddable":true,"href":"https:\/\/www.club-fit.eu\/es\/wp-json\/wp\/v2\/users\/1"}],"replies":[{"embeddable":true,"href":"https:\/\/www.club-fit.eu\/es\/wp-json\/wp\/v2\/comments?post=2160"}],"version-history":[{"count":0,"href":"https:\/\/www.club-fit.eu\/es\/wp-json\/wp\/v2\/pages\/2160\/revisions"}],"wp:featuredmedia":[{"embeddable":true,"href":"https:\/\/www.club-fit.eu\/es\/wp-json\/wp\/v2\/media\/2168"}],"wp:attachment":[{"href":"https:\/\/www.club-fit.eu\/es\/wp-json\/wp\/v2\/media?parent=2160"}],"curies":[{"name":"wp","href":"https:\/\/api.w.org\/{rel}","templated":true}]}}