{"id":1993,"date":"2024-02-01T12:02:20","date_gmt":"2024-02-01T11:02:20","guid":{"rendered":"https:\/\/www.club-fit.eu\/clases\/gap\/"},"modified":"2025-08-01T15:46:25","modified_gmt":"2025-08-01T13:46:25","slug":"gap","status":"publish","type":"page","link":"https:\/\/www.club-fit.eu\/es\/clases\/gap\/","title":{"rendered":"GAP"},"content":{"rendered":"<h2>Gl\u00fateos, abdomen y piernas<\/h2>\n<p>Clases dirigidas en las que se realizan ejercicios para tonificar y perder grasa de estas partes del cuerpo.<\/p>\n<p>La gran ventaja de este entrenamiento es que se puede adaptar a distintos niveles f\u00edsicos modificando la forma de practicar los ejercicios y el n\u00famero de repeticiones, por lo que podr\u00e1n practicarlo personas de edades muy diversas.<\/p>\n<p><strong>El GAP cuenta con una gran cantidad de beneficios que te contamos a continuaci\u00f3n:<\/strong><\/p>\n<ol>\n<li>Ayuda a tonificar y definir<\/li>\n<li>Fortalece el suelo p\u00e9lvico<\/li>\n<li>Mejora la postura corporal<\/li>\n<li>Reduce la celulitis<\/li>\n<li>Nos ayuda a mejorar en otros deportes<\/li>\n<li>Libera tensi\u00f3n derivada del estr\u00e9s<\/li>\n<li>Fortalece los gl\u00fateos, abdominales y piernas<\/li>\n<\/ol>\n<p>El entrenamiento GAP aporta grandes beneficios para ti y tu salud f\u00edsica, permitiendo que personas con estados f\u00edsicos y experiencia deportivas distintas puedan disfrutar de \u00e9l.<\/p>\n","protected":false},"excerpt":{"rendered":"<p>Gl\u00fateos, abdomen y piernas Clases dirigidas en las que se realizan ejercicios para tonificar y perder grasa de estas partes del cuerpo. La gran ventaja [&hellip;]<\/p>\n","protected":false},"author":1,"featured_media":0,"parent":19,"menu_order":0,"comment_status":"closed","ping_status":"closed","template":"","meta":{"_seopress_robots_primary_cat":"","_seopress_titles_title":"","_seopress_titles_desc":"","_seopress_robots_index":"","footnotes":""},"class_list":["post-1993","page","type-page","status-publish","hentry"],"_links":{"self":[{"href":"https:\/\/www.club-fit.eu\/es\/wp-json\/wp\/v2\/pages\/1993","targetHints":{"allow":["GET"]}}],"collection":[{"href":"https:\/\/www.club-fit.eu\/es\/wp-json\/wp\/v2\/pages"}],"about":[{"href":"https:\/\/www.club-fit.eu\/es\/wp-json\/wp\/v2\/types\/page"}],"author":[{"embeddable":true,"href":"https:\/\/www.club-fit.eu\/es\/wp-json\/wp\/v2\/users\/1"}],"replies":[{"embeddable":true,"href":"https:\/\/www.club-fit.eu\/es\/wp-json\/wp\/v2\/comments?post=1993"}],"version-history":[{"count":0,"href":"https:\/\/www.club-fit.eu\/es\/wp-json\/wp\/v2\/pages\/1993\/revisions"}],"up":[{"embeddable":true,"href":"https:\/\/www.club-fit.eu\/es\/wp-json\/wp\/v2\/pages\/19"}],"wp:attachment":[{"href":"https:\/\/www.club-fit.eu\/es\/wp-json\/wp\/v2\/media?parent=1993"}],"curies":[{"name":"wp","href":"https:\/\/api.w.org\/{rel}","templated":true}]}}