{"id":1862,"date":"2023-10-20T15:30:11","date_gmt":"2023-10-20T13:30:11","guid":{"rendered":"https:\/\/www.club-fit.eu\/clases\/corestix-h-i-t\/"},"modified":"2025-08-01T15:45:48","modified_gmt":"2025-08-01T13:45:48","slug":"corestix-h-i-t","status":"publish","type":"page","link":"https:\/\/www.club-fit.eu\/es\/clases\/corestix-h-i-t\/","title":{"rendered":"Corestix H.I.T."},"content":{"rendered":"<p>\u00danete a Corestix H.I.T., fortalece tus m\u00fasculos, tonifica tu cuerpo, mejora la estabilidad central y el equilibrio y aumenta tu resistencia cardiovascular.<\/p>\n<p>A los entrenadores profesionales les encanta entrenar a sus atletas con Corestix porque el innovador sistema se dise\u00f1\u00f3 espec\u00edficamente para mejorar el rendimiento atl\u00e9tico. Tanto si quieres golpear m\u00e1s fuerte, hacer un swing m\u00e1s r\u00e1pido o generar m\u00e1s torsi\u00f3n, Corestix lleva tu rendimiento deportivo al siguiente nivel.<\/p>\n<p>Utilizando la plataforma Corestix, realizamos ejercicios con los que puede que ya est\u00e9 familiarizado, como sentadillas, estocadas, press de pecho y remo. Pero trabajar de pie contra la resistencia progresiva de las barras Corestix pone a prueba tu cuerpo de una forma totalmente nueva.<\/p>\n<p>Adem\u00e1s, el BalanceTrainer -una semiesfera de l\u00e1tex- le proporciona una intensidad extra para desafiar su equilibrio y resistencia cardiovascular mediante el entrenamiento H.I.T.<\/p>\n<p>Corestix H.I.T. es un entrenamiento total de cuerpo y mente que te proporcionar\u00e1 grandes resultados con s\u00f3lo dos sesiones de entrenamiento a la semana. Descubre c\u00f3mo t\u00fa tambi\u00e9n puedes llevar tu entrenamiento al siguiente nivel con Corestix H.I.T.<\/p>\n","protected":false},"excerpt":{"rendered":"<p>\u00danete a Corestix H.I.T., fortalece tus m\u00fasculos, tonifica tu cuerpo, mejora la estabilidad central y el equilibrio y aumenta tu resistencia cardiovascular. A los entrenadores [&hellip;]<\/p>\n","protected":false},"author":1,"featured_media":0,"parent":19,"menu_order":0,"comment_status":"closed","ping_status":"closed","template":"","meta":{"_seopress_robots_primary_cat":"","_seopress_titles_title":"","_seopress_titles_desc":"","_seopress_robots_index":"","footnotes":""},"class_list":["post-1862","page","type-page","status-publish","hentry"],"_links":{"self":[{"href":"https:\/\/www.club-fit.eu\/es\/wp-json\/wp\/v2\/pages\/1862","targetHints":{"allow":["GET"]}}],"collection":[{"href":"https:\/\/www.club-fit.eu\/es\/wp-json\/wp\/v2\/pages"}],"about":[{"href":"https:\/\/www.club-fit.eu\/es\/wp-json\/wp\/v2\/types\/page"}],"author":[{"embeddable":true,"href":"https:\/\/www.club-fit.eu\/es\/wp-json\/wp\/v2\/users\/1"}],"replies":[{"embeddable":true,"href":"https:\/\/www.club-fit.eu\/es\/wp-json\/wp\/v2\/comments?post=1862"}],"version-history":[{"count":0,"href":"https:\/\/www.club-fit.eu\/es\/wp-json\/wp\/v2\/pages\/1862\/revisions"}],"up":[{"embeddable":true,"href":"https:\/\/www.club-fit.eu\/es\/wp-json\/wp\/v2\/pages\/19"}],"wp:attachment":[{"href":"https:\/\/www.club-fit.eu\/es\/wp-json\/wp\/v2\/media?parent=1862"}],"curies":[{"name":"wp","href":"https:\/\/api.w.org\/{rel}","templated":true}]}}