{"id":1859,"date":"2023-10-20T15:42:58","date_gmt":"2023-10-20T13:42:58","guid":{"rendered":"https:\/\/www.club-fit.eu\/clases\/body-balance\/"},"modified":"2023-10-23T15:34:05","modified_gmt":"2023-10-23T13:34:05","slug":"body-balance","status":"publish","type":"page","link":"https:\/\/www.club-fit.eu\/es\/clases\/body-balance\/","title":{"rendered":"Body Balance"},"content":{"rendered":"<p>Body Balance es una mezcla de Tai Chi, Yoga y Pilates.<\/p>\n<p>Puedes esperar doblarte y estirarte a trav\u00e9s de una serie de movimientos sencillos con m\u00fasica inspiradora que mejorar\u00e1 tu mente y tu cuerpo.<\/p>\n<p>Mejorar\u00e1s tu flexibilidad y aumentar\u00e1s tu fuerza mientras reduces los niveles de estr\u00e9s.<\/p>\n<p>Siempre se dan opciones y las clases en grupos reducidos permiten que la clase fluya con facilidad.<\/p>\n<p>Los participantes salen sinti\u00e9ndose m\u00e1s positivos, confiados, motivados y menos estresados.<\/p>\n","protected":false},"excerpt":{"rendered":"<p>Body Balance es una mezcla de Tai Chi, Yoga y Pilates. Puedes esperar doblarte y estirarte a trav\u00e9s de una serie de movimientos sencillos con [&hellip;]<\/p>\n","protected":false},"author":1,"featured_media":552,"parent":19,"menu_order":0,"comment_status":"closed","ping_status":"closed","template":"","meta":{"_seopress_robots_primary_cat":"","_seopress_titles_title":"","_seopress_titles_desc":"","_seopress_robots_index":"","footnotes":""},"class_list":["post-1859","page","type-page","status-publish","has-post-thumbnail","hentry"],"_links":{"self":[{"href":"https:\/\/www.club-fit.eu\/es\/wp-json\/wp\/v2\/pages\/1859","targetHints":{"allow":["GET"]}}],"collection":[{"href":"https:\/\/www.club-fit.eu\/es\/wp-json\/wp\/v2\/pages"}],"about":[{"href":"https:\/\/www.club-fit.eu\/es\/wp-json\/wp\/v2\/types\/page"}],"author":[{"embeddable":true,"href":"https:\/\/www.club-fit.eu\/es\/wp-json\/wp\/v2\/users\/1"}],"replies":[{"embeddable":true,"href":"https:\/\/www.club-fit.eu\/es\/wp-json\/wp\/v2\/comments?post=1859"}],"version-history":[{"count":0,"href":"https:\/\/www.club-fit.eu\/es\/wp-json\/wp\/v2\/pages\/1859\/revisions"}],"up":[{"embeddable":true,"href":"https:\/\/www.club-fit.eu\/es\/wp-json\/wp\/v2\/pages\/19"}],"wp:featuredmedia":[{"embeddable":true,"href":"https:\/\/www.club-fit.eu\/es\/wp-json\/wp\/v2\/media\/552"}],"wp:attachment":[{"href":"https:\/\/www.club-fit.eu\/es\/wp-json\/wp\/v2\/media?parent=1859"}],"curies":[{"name":"wp","href":"https:\/\/api.w.org\/{rel}","templated":true}]}}