{"id":1704,"date":"2022-12-30T19:11:55","date_gmt":"2022-12-30T18:11:55","guid":{"rendered":"https:\/\/www.club-fit.eu\/virtual-cycling\/"},"modified":"2025-08-05T15:04:39","modified_gmt":"2025-08-05T13:04:39","slug":"cycling-virtual","status":"publish","type":"page","link":"https:\/\/www.club-fit.eu\/es\/clases\/cycling-virtual\/","title":{"rendered":"Cycling Virtual"},"content":{"rendered":"<p>En CLUB FIT tambi\u00e9n ofrecemos clases virtuales para que puedas disfrutar del Ciclismo Indoor o SPIN siempre que quieras. El Ciclismo Virtual es un entrenamiento de bajo impacto musical apto para todas las edades y niveles de forma f\u00edsica.<\/p>\n<p>Quema calor\u00edas, fortalece tu coraz\u00f3n, aumenta tu resistencia cardiovascular y desconecta: de 6 de la ma\u00f1ana a 24 de la noche.<\/p>\n<p><img loading=\"lazy\" decoding=\"async\" class=\"alignnone size-full wp-image-2198\" src=\"https:\/\/www.club-fit.eu\/wp-content\/uploads\/page\/1699\/bestcycling-logo.jpg\" alt=\"Bestcycling Logo\" width=\"1920\" height=\"932\" srcset=\"https:\/\/www.club-fit.eu\/wp-content\/uploads\/page\/1699\/bestcycling-logo.jpg 1920w, https:\/\/www.club-fit.eu\/wp-content\/uploads\/page\/1699\/bestcycling-logo-1024x497.jpg 1024w, https:\/\/www.club-fit.eu\/wp-content\/uploads\/page\/1699\/bestcycling-logo-768x373.jpg 768w, https:\/\/www.club-fit.eu\/wp-content\/uploads\/page\/1699\/bestcycling-logo-1536x746.jpg 1536w\" sizes=\"auto, (max-width: 1920px) 100vw, 1920px\" \/><\/p>\n","protected":false},"excerpt":{"rendered":"<p>En CLUB FIT tambi\u00e9n ofrecemos clases virtuales para que puedas disfrutar del Ciclismo Indoor o SPIN siempre que quieras. El Ciclismo Virtual es un entrenamiento [&hellip;]<\/p>\n","protected":false},"author":1,"featured_media":2198,"parent":19,"menu_order":0,"comment_status":"closed","ping_status":"closed","template":"","meta":{"_seopress_robots_primary_cat":"","_seopress_titles_title":"","_seopress_titles_desc":"","_seopress_robots_index":"","footnotes":""},"class_list":["post-1704","page","type-page","status-publish","has-post-thumbnail","hentry"],"_links":{"self":[{"href":"https:\/\/www.club-fit.eu\/es\/wp-json\/wp\/v2\/pages\/1704","targetHints":{"allow":["GET"]}}],"collection":[{"href":"https:\/\/www.club-fit.eu\/es\/wp-json\/wp\/v2\/pages"}],"about":[{"href":"https:\/\/www.club-fit.eu\/es\/wp-json\/wp\/v2\/types\/page"}],"author":[{"embeddable":true,"href":"https:\/\/www.club-fit.eu\/es\/wp-json\/wp\/v2\/users\/1"}],"replies":[{"embeddable":true,"href":"https:\/\/www.club-fit.eu\/es\/wp-json\/wp\/v2\/comments?post=1704"}],"version-history":[{"count":0,"href":"https:\/\/www.club-fit.eu\/es\/wp-json\/wp\/v2\/pages\/1704\/revisions"}],"up":[{"embeddable":true,"href":"https:\/\/www.club-fit.eu\/es\/wp-json\/wp\/v2\/pages\/19"}],"wp:featuredmedia":[{"embeddable":true,"href":"https:\/\/www.club-fit.eu\/es\/wp-json\/wp\/v2\/media\/2198"}],"wp:attachment":[{"href":"https:\/\/www.club-fit.eu\/es\/wp-json\/wp\/v2\/media?parent=1704"}],"curies":[{"name":"wp","href":"https:\/\/api.w.org\/{rel}","templated":true}]}}