{"id":1500,"date":"2021-07-28T12:39:35","date_gmt":"2021-07-28T10:39:35","guid":{"rendered":"https:\/\/www.club-fit.eu\/instalaciones\/bar\/"},"modified":"2025-02-28T14:57:45","modified_gmt":"2025-02-28T13:57:45","slug":"bar","status":"publish","type":"page","link":"https:\/\/www.club-fit.eu\/es\/instalaciones\/bar\/","title":{"rendered":"Bar"},"content":{"rendered":"<p>Nuestras m\u00e1quinas expendedoras est\u00e1n llenas de bebidas y snacks saludables para que puedas obtener tu batido de prote\u00ednas o bebida energ\u00e9tica desde las 6:00 de la ma\u00f1ana hasta las 24:00 de la noche sin tener que salir del gimnasio. Alimenta tu cuerpo antes, durante o despu\u00e9s del entrenamiento con suficientes prote\u00ednas y energ\u00eda o ll\u00e9vate un snack a la salida del gimnasio.<\/p>\n","protected":false},"excerpt":{"rendered":"<p>Nuestras m\u00e1quinas expendedoras est\u00e1n llenas de bebidas y snacks saludables para que puedas obtener tu batido de prote\u00ednas o bebida energ\u00e9tica desde las 6:00 de [&hellip;]<\/p>\n","protected":false},"author":1,"featured_media":1546,"parent":410,"menu_order":0,"comment_status":"closed","ping_status":"closed","template":"","meta":{"_seopress_robots_primary_cat":"","_seopress_titles_title":"","_seopress_titles_desc":"","_seopress_robots_index":"","footnotes":""},"class_list":["post-1500","page","type-page","status-publish","has-post-thumbnail","hentry"],"_links":{"self":[{"href":"https:\/\/www.club-fit.eu\/es\/wp-json\/wp\/v2\/pages\/1500","targetHints":{"allow":["GET"]}}],"collection":[{"href":"https:\/\/www.club-fit.eu\/es\/wp-json\/wp\/v2\/pages"}],"about":[{"href":"https:\/\/www.club-fit.eu\/es\/wp-json\/wp\/v2\/types\/page"}],"author":[{"embeddable":true,"href":"https:\/\/www.club-fit.eu\/es\/wp-json\/wp\/v2\/users\/1"}],"replies":[{"embeddable":true,"href":"https:\/\/www.club-fit.eu\/es\/wp-json\/wp\/v2\/comments?post=1500"}],"version-history":[{"count":0,"href":"https:\/\/www.club-fit.eu\/es\/wp-json\/wp\/v2\/pages\/1500\/revisions"}],"up":[{"embeddable":true,"href":"https:\/\/www.club-fit.eu\/es\/wp-json\/wp\/v2\/pages\/410"}],"wp:featuredmedia":[{"embeddable":true,"href":"https:\/\/www.club-fit.eu\/es\/wp-json\/wp\/v2\/media\/1546"}],"wp:attachment":[{"href":"https:\/\/www.club-fit.eu\/es\/wp-json\/wp\/v2\/media?parent=1500"}],"curies":[{"name":"wp","href":"https:\/\/api.w.org\/{rel}","templated":true}]}}