{"id":1179,"date":"2020-02-03T12:34:30","date_gmt":"2020-02-03T11:34:30","guid":{"rendered":"https:\/\/www.club-fit.eu\/?page_id=1179"},"modified":"2023-10-23T16:42:32","modified_gmt":"2023-10-23T14:42:32","slug":"boxfit","status":"publish","type":"page","link":"https:\/\/www.club-fit.eu\/es\/clases\/boxfit\/","title":{"rendered":"BoxFit"},"content":{"rendered":"<p>BoxFit combina diferentes estilos de artes marciales con movimientos de entrenamiento funcional para desafiar tu reacci\u00f3n, coordinaci\u00f3n, cardio y fuerza y proporcionarte un entrenamiento vigorizante para cuerpo y mente.<\/p>\n<p>Al asestar jabs, rectos, ganchos, uppercuts y patadas, no s\u00f3lo esculpir\u00e1s todo tu cuerpo y te har\u00e1s m\u00e1s fuerte y r\u00e1pido, sino que tambi\u00e9n quemar\u00e1s toneladas de calor\u00edas. Con ejercicios cardiovasculares adicionales y ejercicios de entrenamiento funcional, te llevar\u00e1s al l\u00edmite.<\/p>\n<p>Adem\u00e1s, BoxFit ayuda a disminuir el estr\u00e9s y la ansiedad mediante la liberaci\u00f3n de endorfinas, por lo que saldr\u00e1s de la clase feliz y con m\u00e1s energ\u00eda.<\/p>\n","protected":false},"excerpt":{"rendered":"<p>BoxFit combina diferentes estilos de artes marciales con movimientos de entrenamiento funcional para desafiar tu reacci\u00f3n, coordinaci\u00f3n, cardio y fuerza y proporcionarte un entrenamiento vigorizante [&hellip;]<\/p>\n","protected":false},"author":1,"featured_media":1977,"parent":19,"menu_order":0,"comment_status":"closed","ping_status":"closed","template":"","meta":{"_seopress_robots_primary_cat":"","_seopress_titles_title":"","_seopress_titles_desc":"","_seopress_robots_index":"","footnotes":""},"class_list":["post-1179","page","type-page","status-publish","has-post-thumbnail","hentry"],"_links":{"self":[{"href":"https:\/\/www.club-fit.eu\/es\/wp-json\/wp\/v2\/pages\/1179","targetHints":{"allow":["GET"]}}],"collection":[{"href":"https:\/\/www.club-fit.eu\/es\/wp-json\/wp\/v2\/pages"}],"about":[{"href":"https:\/\/www.club-fit.eu\/es\/wp-json\/wp\/v2\/types\/page"}],"author":[{"embeddable":true,"href":"https:\/\/www.club-fit.eu\/es\/wp-json\/wp\/v2\/users\/1"}],"replies":[{"embeddable":true,"href":"https:\/\/www.club-fit.eu\/es\/wp-json\/wp\/v2\/comments?post=1179"}],"version-history":[{"count":0,"href":"https:\/\/www.club-fit.eu\/es\/wp-json\/wp\/v2\/pages\/1179\/revisions"}],"up":[{"embeddable":true,"href":"https:\/\/www.club-fit.eu\/es\/wp-json\/wp\/v2\/pages\/19"}],"wp:featuredmedia":[{"embeddable":true,"href":"https:\/\/www.club-fit.eu\/es\/wp-json\/wp\/v2\/media\/1977"}],"wp:attachment":[{"href":"https:\/\/www.club-fit.eu\/es\/wp-json\/wp\/v2\/media?parent=1179"}],"curies":[{"name":"wp","href":"https:\/\/api.w.org\/{rel}","templated":true}]}}