{"id":817,"date":"2019-01-05T19:37:22","date_gmt":"2019-01-05T18:37:22","guid":{"rendered":"https:\/\/www.club-fit.eu\/packages\/"},"modified":"2021-08-22T16:55:37","modified_gmt":"2021-08-22T14:55:37","slug":"programme","status":"publish","type":"page","link":"https:\/\/www.club-fit.eu\/de\/programme\/","title":{"rendered":"Programme"},"content":{"rendered":"\n<p>Egal, ob Sie Muskeln aufbauen oder abnehmen m\u00f6chten, die Herz-Kreislauf-Ausdauer im Alleingang oder in einem unserer virtuellen Kurse verbessern, sich mit Spa\u00df im Gruppenunterricht fit machen, Ihr Training auf die n\u00e4chste Stufe heben, sich von einem Verletzungen oder Stressabbau, wir sind f\u00fcr Sie da.<\/p>\n","protected":false},"excerpt":{"rendered":"<p>Egal, ob Sie Muskeln aufbauen oder abnehmen m\u00f6chten, die Herz-Kreislauf-Ausdauer im Alleingang oder in einem unserer virtuellen Kurse verbessern, sich mit Spa\u00df im Gruppenunterricht fit [&hellip;]<\/p>\n","protected":false},"author":1,"featured_media":0,"parent":0,"menu_order":0,"comment_status":"closed","ping_status":"closed","template":"","meta":{"_seopress_robots_primary_cat":"","_seopress_titles_title":"","_seopress_titles_desc":"","_seopress_robots_index":"","footnotes":""},"class_list":["post-817","page","type-page","status-publish","hentry"],"_links":{"self":[{"href":"https:\/\/www.club-fit.eu\/de\/wp-json\/wp\/v2\/pages\/817","targetHints":{"allow":["GET"]}}],"collection":[{"href":"https:\/\/www.club-fit.eu\/de\/wp-json\/wp\/v2\/pages"}],"about":[{"href":"https:\/\/www.club-fit.eu\/de\/wp-json\/wp\/v2\/types\/page"}],"author":[{"embeddable":true,"href":"https:\/\/www.club-fit.eu\/de\/wp-json\/wp\/v2\/users\/1"}],"replies":[{"embeddable":true,"href":"https:\/\/www.club-fit.eu\/de\/wp-json\/wp\/v2\/comments?post=817"}],"version-history":[{"count":0,"href":"https:\/\/www.club-fit.eu\/de\/wp-json\/wp\/v2\/pages\/817\/revisions"}],"wp:attachment":[{"href":"https:\/\/www.club-fit.eu\/de\/wp-json\/wp\/v2\/media?parent=817"}],"curies":[{"name":"wp","href":"https:\/\/api.w.org\/{rel}","templated":true}]}}