{"id":422,"date":"2019-01-18T16:46:38","date_gmt":"2019-01-18T15:46:38","guid":{"rendered":"https:\/\/www.club-fit.eu\/anlagen\/resistance-equipment\/"},"modified":"2025-02-25T12:47:09","modified_gmt":"2025-02-25T11:47:09","slug":"kraftgeraete","status":"publish","type":"page","link":"https:\/\/www.club-fit.eu\/de\/installationen\/kraftgeraete\/","title":{"rendered":"Kraftger\u00e4te"},"content":{"rendered":"<p>Der Club Fit Javea bietet eine gro\u00dfe Auswahl an Kraftger\u00e4ten, die ein H\u00f6chstma\u00df an Qualit\u00e4t, Vielfalt und Verf\u00fcgbarkeit bieten.<\/p>\n<p>Unser Kraftbereiche und der Freihantelbereich umfassen:<\/p>\n<ul>\n<li>Maschinen mit Gewichtensplatten<\/li>\n<li>Ger\u00e4te mit Gewichtsscheiben<\/li>\n<li>Hydraulische Trainingsger\u00e4te<\/li>\n<li>Kabelzugturm<\/li>\n<li>Vibrationsplattformen<\/li>\n<li>B\u00e4nke<\/li>\n<li>Olympische Stangen<\/li>\n<li>Langhanteln<\/li>\n<li>Kurzhanteln (bis zu 50 kg)<\/li>\n<\/ul>\n<p>W\u00e4hrend f\u00fcr den ernsthaften Bodybuilder oder erfahrenen Gewichtheber die freien Gewichte und Kraftmaschinen mit Gewichtsscheiben die bessere Wahl sind, sind f\u00fcr den durchschnittlichen Fitnessstudiobesucher und f\u00fcr Anf\u00e4nger die hydraulischen Ger\u00e4te sicherer und effektiver, denn bei hydraulischen Systemen besteht kein Risiko von unsachgem\u00e4\u00dfem Heben oder \u00dcberlasten.<\/p>\n","protected":false},"excerpt":{"rendered":"<p>Der Club Fit Javea bietet eine gro\u00dfe Auswahl an Kraftger\u00e4ten, die ein H\u00f6chstma\u00df an Qualit\u00e4t, Vielfalt und Verf\u00fcgbarkeit bieten. Unser Kraftbereiche und der Freihantelbereich umfassen: [&hellip;]<\/p>\n","protected":false},"author":1,"featured_media":2173,"parent":409,"menu_order":0,"comment_status":"closed","ping_status":"closed","template":"","meta":{"_seopress_robots_primary_cat":"","_seopress_titles_title":"","_seopress_titles_desc":"","_seopress_robots_index":"","footnotes":""},"class_list":["post-422","page","type-page","status-publish","has-post-thumbnail","hentry"],"_links":{"self":[{"href":"https:\/\/www.club-fit.eu\/de\/wp-json\/wp\/v2\/pages\/422","targetHints":{"allow":["GET"]}}],"collection":[{"href":"https:\/\/www.club-fit.eu\/de\/wp-json\/wp\/v2\/pages"}],"about":[{"href":"https:\/\/www.club-fit.eu\/de\/wp-json\/wp\/v2\/types\/page"}],"author":[{"embeddable":true,"href":"https:\/\/www.club-fit.eu\/de\/wp-json\/wp\/v2\/users\/1"}],"replies":[{"embeddable":true,"href":"https:\/\/www.club-fit.eu\/de\/wp-json\/wp\/v2\/comments?post=422"}],"version-history":[{"count":0,"href":"https:\/\/www.club-fit.eu\/de\/wp-json\/wp\/v2\/pages\/422\/revisions"}],"up":[{"embeddable":true,"href":"https:\/\/www.club-fit.eu\/de\/wp-json\/wp\/v2\/pages\/409"}],"wp:featuredmedia":[{"embeddable":true,"href":"https:\/\/www.club-fit.eu\/de\/wp-json\/wp\/v2\/media\/2173"}],"wp:attachment":[{"href":"https:\/\/www.club-fit.eu\/de\/wp-json\/wp\/v2\/media?parent=422"}],"curies":[{"name":"wp","href":"https:\/\/api.w.org\/{rel}","templated":true}]}}