{"id":420,"date":"2019-01-18T16:47:22","date_gmt":"2019-01-18T15:47:22","guid":{"rendered":"https:\/\/www.club-fit.eu\/anlagen\/group-exercise\/"},"modified":"2024-07-04T11:07:30","modified_gmt":"2024-07-04T09:07:30","slug":"kursraeume","status":"publish","type":"page","link":"https:\/\/www.club-fit.eu\/de\/installationen\/kursraeume\/","title":{"rendered":"Kursr\u00e4ume"},"content":{"rendered":"<p>Unser breitgef\u00e4chertes Kursangebot hilft dir, dein Training ein wenig abwechslungsreicher zu gestalten, deine Fitnessziele zu erreichen und neue Trainingsmethoden gemeinsam mit anderen Gleichgesinnten zu erkunden. Egal, ob du ein Gruppenfitness-Junkie oder ein Neueinsteiger bist, ob du dich im Wettstreit mit anderen bis an die Grenze bringen oder Stress abbauen m\u00f6chtest, w\u00e4hrend du dich auf deine Atmung konzentrierst, in Club Fit Javea findest du den richtigen Fitnesskurs f\u00fcr dich. Wenn du Hilfe bei der Entscheidung ben\u00f6tigst, findest du weitere Informationen zu unseren Kursen, darunter Functionlles Training, hochintensives Training (H.I.T.) und Kampfsport (Mixed Martial Arts), Fitnesstanzkurse, Kardiotraining und Body &amp; Mind-Kurse.<\/p>\n<p>Es gibt viele Gr\u00fcnde, an einem Kurs in Club Fit Javea teilzunehmen:<\/p>\n<p><strong>Kleine Gruppe, gro\u00dfe Resultate:<\/strong> In Club Fit Javea unterrichten wir Kurse nach dem IFC\u00ae-System. Dieses einzigartige Coaching-System wurde von Fitness-Profis basierend auf der Sportwissenschaft und langj\u00e4hriger Erfahrung entwickelt. Ein qualifizierter IFC-Coach f\u00fchrt dich so durch die Stunde, dass du deinem eigenen Leistungsniveau entsprechend trainieren kannst. Er geht w\u00e4hrend der Stunde auf dein ganz pers\u00f6nliches Leistungsniveau und deine Fertigkeiten ein. Individuelle Anweisungen und pers\u00f6nliches Feedback helfen dir, deine Ziele schneller zu erreichen und motiviert zu bleiben.<\/p>\n<p><strong>Abwechslung und Motivation:<\/strong> Gruppenkurse sind eine gro\u00dfartige M\u00f6glichkeit, Abwechslung in deine Trainingsroutine zu bringen und eine Stagnation oder Langeweile zu vermeiden. Unsere qualifizierten Coaches leiten dich nicht nur an, sondern motivieren und inspirieren dich auch, sodass du immer wieder zur\u00fcckkommen m\u00f6chtest.<\/p>\n<p><strong>Spa\u00df und Freunde:<\/strong> Wenn du in einer Gruppe trainierst, macht es mehr Spa\u00df, sich fit zu machen. Die besondere Gruppendynamik steigert deine Motivation und smit erzielst du auch bessere Ergebnisse. Au\u00dferdem ist es eine gro\u00dfartige M\u00f6glichkeit, neue Leute und neue Trainingskollegen kennenzulernen. Und so lassen sich auch schnell Freundschaften schlie\u00dfen.<\/p>\n","protected":false},"excerpt":{"rendered":"<p>Unser breitgef\u00e4chertes Kursangebot hilft dir, dein Training ein wenig abwechslungsreicher zu gestalten, deine Fitnessziele zu erreichen und neue Trainingsmethoden gemeinsam mit anderen Gleichgesinnten zu erkunden. [&hellip;]<\/p>\n","protected":false},"author":1,"featured_media":1973,"parent":409,"menu_order":0,"comment_status":"closed","ping_status":"closed","template":"","meta":{"_seopress_robots_primary_cat":"","_seopress_titles_title":"","_seopress_titles_desc":"","_seopress_robots_index":"","footnotes":""},"class_list":["post-420","page","type-page","status-publish","has-post-thumbnail","hentry"],"_links":{"self":[{"href":"https:\/\/www.club-fit.eu\/de\/wp-json\/wp\/v2\/pages\/420","targetHints":{"allow":["GET"]}}],"collection":[{"href":"https:\/\/www.club-fit.eu\/de\/wp-json\/wp\/v2\/pages"}],"about":[{"href":"https:\/\/www.club-fit.eu\/de\/wp-json\/wp\/v2\/types\/page"}],"author":[{"embeddable":true,"href":"https:\/\/www.club-fit.eu\/de\/wp-json\/wp\/v2\/users\/1"}],"replies":[{"embeddable":true,"href":"https:\/\/www.club-fit.eu\/de\/wp-json\/wp\/v2\/comments?post=420"}],"version-history":[{"count":0,"href":"https:\/\/www.club-fit.eu\/de\/wp-json\/wp\/v2\/pages\/420\/revisions"}],"up":[{"embeddable":true,"href":"https:\/\/www.club-fit.eu\/de\/wp-json\/wp\/v2\/pages\/409"}],"wp:featuredmedia":[{"embeddable":true,"href":"https:\/\/www.club-fit.eu\/de\/wp-json\/wp\/v2\/media\/1973"}],"wp:attachment":[{"href":"https:\/\/www.club-fit.eu\/de\/wp-json\/wp\/v2\/media?parent=420"}],"curies":[{"name":"wp","href":"https:\/\/api.w.org\/{rel}","templated":true}]}}