{"id":416,"date":"2019-01-18T16:46:07","date_gmt":"2019-01-18T15:46:07","guid":{"rendered":"https:\/\/www.club-fit.eu\/anlagen\/cardio-equipment\/"},"modified":"2025-02-21T16:48:52","modified_gmt":"2025-02-21T15:48:52","slug":"cardiobereich","status":"publish","type":"page","link":"https:\/\/www.club-fit.eu\/de\/installationen\/cardiobereich\/","title":{"rendered":"Cardiobereich"},"content":{"rendered":"<p>Unser Cardiostudio verf\u00fcgt \u00fcber die neuesten innovativen Cardioger\u00e4te, darunter eine Reihe von Laufb\u00e4ndern und Crosswalkern ohne Motor, Ruderger\u00e4ten und Spinning-R\u00e4dern ohne Motor.<\/p>\n<p>Du m\u00f6chtest nicht allein trainieren, aber trotzdem ein tolles Workout zu einer Zeit absolvieren, die dir passt? Verabschiede dich von langweiligen Cardio-Workouts und nimm an unseren Virtual Cycling- und Walking-Kursen teil. Von 6:00 Uhr morgens bis 24:00 Uhr nachts kannst du deinen Lieblingskurs w\u00e4hlen, der von erstklassigen Trainern geleitet wird.<\/p>\n","protected":false},"excerpt":{"rendered":"<p>Unser Cardiostudio verf\u00fcgt \u00fcber die neuesten innovativen Cardioger\u00e4te, darunter eine Reihe von Laufb\u00e4ndern und Crosswalkern ohne Motor, Ruderger\u00e4ten und Spinning-R\u00e4dern ohne Motor. Du m\u00f6chtest nicht [&hellip;]<\/p>\n","protected":false},"author":1,"featured_media":2173,"parent":409,"menu_order":0,"comment_status":"closed","ping_status":"closed","template":"","meta":{"_seopress_robots_primary_cat":"","_seopress_titles_title":"","_seopress_titles_desc":"","_seopress_robots_index":"","footnotes":""},"class_list":["post-416","page","type-page","status-publish","has-post-thumbnail","hentry"],"_links":{"self":[{"href":"https:\/\/www.club-fit.eu\/de\/wp-json\/wp\/v2\/pages\/416","targetHints":{"allow":["GET"]}}],"collection":[{"href":"https:\/\/www.club-fit.eu\/de\/wp-json\/wp\/v2\/pages"}],"about":[{"href":"https:\/\/www.club-fit.eu\/de\/wp-json\/wp\/v2\/types\/page"}],"author":[{"embeddable":true,"href":"https:\/\/www.club-fit.eu\/de\/wp-json\/wp\/v2\/users\/1"}],"replies":[{"embeddable":true,"href":"https:\/\/www.club-fit.eu\/de\/wp-json\/wp\/v2\/comments?post=416"}],"version-history":[{"count":0,"href":"https:\/\/www.club-fit.eu\/de\/wp-json\/wp\/v2\/pages\/416\/revisions"}],"up":[{"embeddable":true,"href":"https:\/\/www.club-fit.eu\/de\/wp-json\/wp\/v2\/pages\/409"}],"wp:featuredmedia":[{"embeddable":true,"href":"https:\/\/www.club-fit.eu\/de\/wp-json\/wp\/v2\/media\/2173"}],"wp:attachment":[{"href":"https:\/\/www.club-fit.eu\/de\/wp-json\/wp\/v2\/media?parent=416"}],"curies":[{"name":"wp","href":"https:\/\/api.w.org\/{rel}","templated":true}]}}