{"id":2142,"date":"2025-05-22T15:44:54","date_gmt":"2025-05-22T13:44:54","guid":{"rendered":"https:\/\/www.club-fit.eu\/?page_id=2142"},"modified":"2025-05-22T15:45:23","modified_gmt":"2025-05-22T13:45:23","slug":"stretch-intense","status":"publish","type":"page","link":"https:\/\/www.club-fit.eu\/de\/kurse\/stretch-intense\/","title":{"rendered":"Stretch Intense"},"content":{"rendered":"<p>Was ist Stretching?<\/p>\n<p>Es handelt sich um eine Aktivit\u00e4t, deren Ziel darin besteht, die Elastizit\u00e4t des Gewebes zu erhalten oder zu steigern. Bei dieser Art von Aktivit\u00e4t wird der gesamte K\u00f6rper durch die Anwendung verschiedener Dehnungstechniken trainiert. <\/p>\n<p>Es eignet sich sehr gut dazu, unsere Trainingseinheiten zu beenden oder sie als eigenst\u00e4ndige Einheit mindestens einmal pro Woche in unser \u00dcbungsprogramm aufzunehmen. <\/p>\n<p>In jedem Fall ist es empfehlenswert, t\u00e4glich zu \u00fcben (egal, ob Sie bereits trainiert haben oder nicht).<\/p>\n","protected":false},"excerpt":{"rendered":"<p>Was ist Stretching? Es handelt sich um eine Aktivit\u00e4t, deren Ziel darin besteht, die Elastizit\u00e4t des Gewebes zu erhalten oder zu steigern. Bei dieser Art [&hellip;]<\/p>\n","protected":false},"author":1,"featured_media":2145,"parent":20,"menu_order":0,"comment_status":"closed","ping_status":"closed","template":"","meta":{"_seopress_robots_primary_cat":"","_seopress_titles_title":"","_seopress_titles_desc":"","_seopress_robots_index":"","footnotes":""},"class_list":["post-2142","page","type-page","status-publish","has-post-thumbnail","hentry"],"_links":{"self":[{"href":"https:\/\/www.club-fit.eu\/de\/wp-json\/wp\/v2\/pages\/2142","targetHints":{"allow":["GET"]}}],"collection":[{"href":"https:\/\/www.club-fit.eu\/de\/wp-json\/wp\/v2\/pages"}],"about":[{"href":"https:\/\/www.club-fit.eu\/de\/wp-json\/wp\/v2\/types\/page"}],"author":[{"embeddable":true,"href":"https:\/\/www.club-fit.eu\/de\/wp-json\/wp\/v2\/users\/1"}],"replies":[{"embeddable":true,"href":"https:\/\/www.club-fit.eu\/de\/wp-json\/wp\/v2\/comments?post=2142"}],"version-history":[{"count":0,"href":"https:\/\/www.club-fit.eu\/de\/wp-json\/wp\/v2\/pages\/2142\/revisions"}],"up":[{"embeddable":true,"href":"https:\/\/www.club-fit.eu\/de\/wp-json\/wp\/v2\/pages\/20"}],"wp:featuredmedia":[{"embeddable":true,"href":"https:\/\/www.club-fit.eu\/de\/wp-json\/wp\/v2\/media\/2145"}],"wp:attachment":[{"href":"https:\/\/www.club-fit.eu\/de\/wp-json\/wp\/v2\/media?parent=2142"}],"curies":[{"name":"wp","href":"https:\/\/api.w.org\/{rel}","templated":true}]}}