{"id":1994,"date":"2024-02-01T12:02:20","date_gmt":"2024-02-01T11:02:20","guid":{"rendered":"https:\/\/www.club-fit.eu\/kurse\/gap\/"},"modified":"2025-08-01T15:46:13","modified_gmt":"2025-08-01T13:46:13","slug":"gap","status":"publish","type":"page","link":"https:\/\/www.club-fit.eu\/de\/kurse\/gap\/","title":{"rendered":"GAP"},"content":{"rendered":"<h2>Ges\u00e4\u00dfmuskeln, Bauch und Beine<\/h2>\n<p>Gef\u00fchrte Kurse, in denen \u00dcbungen durchgef\u00fchrt werden, um diese K\u00f6rperteile zu straffen und Fett zu verlieren.<\/p>\n<p>Der gro\u00dfe Vorteil dieses Trainings besteht darin, dass es durch Modifikation der Art und Weise der \u00dcbungsausf\u00fchrung und der Anzahl der Wiederholungen an unterschiedliche k\u00f6rperliche Leistungsniveaus angepasst werden kann, sodass es von Menschen unterschiedlichsten Alters durchgef\u00fchrt werden kann.<\/p>\n<p><strong>Das GAP bietet zahlreiche Vorteile, die wir Ihnen im Folgenden erl\u00e4utern:<\/strong><\/p>\n<ol>\n<li>Hilft bei der Tonung und Definition<\/li>\n<li>St\u00e4rkt den Beckenbereich<\/li>\n<li>Verbessert die K\u00f6rperhaltung<\/li>\n<li>Reduziert Cellulite<\/li>\n<li>Es hilft uns, uns in anderen Sportarten zu verbessern<\/li>\n<li>L\u00f6sen Sie durch Stress entstandene Spannungen<\/li>\n<li>St\u00e4rkt die Ges\u00e4\u00dfmuskulatur, die Bauchmuskeln und die Beine<\/li>\n<\/ol>\n<p>Das GAP-Training bietet gro\u00dfe Vorteile f\u00fcr Sie und Ihre k\u00f6rperliche Gesundheit und erm\u00f6glicht es Menschen mit unterschiedlichem k\u00f6rperlichen Zustand und unterschiedlicher Sporterfahrung, es zu genie\u00dfen.<\/p>\n","protected":false},"excerpt":{"rendered":"<p>Ges\u00e4\u00dfmuskeln, Bauch und Beine Gef\u00fchrte Kurse, in denen \u00dcbungen durchgef\u00fchrt werden, um diese K\u00f6rperteile zu straffen und Fett zu verlieren. Der gro\u00dfe Vorteil dieses Trainings [&hellip;]<\/p>\n","protected":false},"author":1,"featured_media":0,"parent":20,"menu_order":0,"comment_status":"closed","ping_status":"closed","template":"","meta":{"_seopress_robots_primary_cat":"","_seopress_titles_title":"","_seopress_titles_desc":"","_seopress_robots_index":"","footnotes":""},"class_list":["post-1994","page","type-page","status-publish","hentry"],"_links":{"self":[{"href":"https:\/\/www.club-fit.eu\/de\/wp-json\/wp\/v2\/pages\/1994","targetHints":{"allow":["GET"]}}],"collection":[{"href":"https:\/\/www.club-fit.eu\/de\/wp-json\/wp\/v2\/pages"}],"about":[{"href":"https:\/\/www.club-fit.eu\/de\/wp-json\/wp\/v2\/types\/page"}],"author":[{"embeddable":true,"href":"https:\/\/www.club-fit.eu\/de\/wp-json\/wp\/v2\/users\/1"}],"replies":[{"embeddable":true,"href":"https:\/\/www.club-fit.eu\/de\/wp-json\/wp\/v2\/comments?post=1994"}],"version-history":[{"count":0,"href":"https:\/\/www.club-fit.eu\/de\/wp-json\/wp\/v2\/pages\/1994\/revisions"}],"up":[{"embeddable":true,"href":"https:\/\/www.club-fit.eu\/de\/wp-json\/wp\/v2\/pages\/20"}],"wp:attachment":[{"href":"https:\/\/www.club-fit.eu\/de\/wp-json\/wp\/v2\/media?parent=1994"}],"curies":[{"name":"wp","href":"https:\/\/api.w.org\/{rel}","templated":true}]}}