{"id":1863,"date":"2023-10-20T15:26:55","date_gmt":"2023-10-20T13:26:55","guid":{"rendered":"https:\/\/www.club-fit.eu\/kurse\/cross-training\/"},"modified":"2023-10-23T15:41:33","modified_gmt":"2023-10-23T13:41:33","slug":"cross-training","status":"publish","type":"page","link":"https:\/\/www.club-fit.eu\/de\/kurse\/cross-training\/","title":{"rendered":"Cross Training"},"content":{"rendered":"<p>Wenn Sie etwas Neues und Innovatives ausprobieren m\u00f6chten, sollten Sie sich dem Cross-Training anschlie\u00dfen.<\/p>\n<p>Cross Training kombiniert funktionelle \u00dcbungen mit H.I.T. (High Intensity Training) und durchbricht die Monotonie eines herk\u00f6mmlichen Trainings. Die kurzen, aber intensiven Intervalle auf dem Ruderger\u00e4t oder dem Ellipsentrainer lassen Ihr Herz h\u00f6her schlagen. Mit dem Igniter-System k\u00f6nnen Sie Ihre Herzfrequenz in Echtzeit \u00fcberwachen, um das Beste aus Ihrem Training herauszuholen.<\/p>\n<p>Mit Hilfe von funktionellen Trainingsger\u00e4ten werden \u00dcbungen wie Kniebeugen, Schulterdr\u00fccken und Crunches noch effektiver und abwechslungsreicher.<\/p>\n<p>Mit Cross-Training erzielen Sie schnellere Ergebnisse, da Sie Muskelketten und nicht nur einzelne Muskeln trainieren. <\/p>\n<p>Dar\u00fcber hinaus regen diese hochintensiven \u00dcbungen Ihren Stoffwechsel an. So erzielen Sie bessere Ergebnisse und verleihen Ihrem Training eine besondere Note.<\/p>\n","protected":false},"excerpt":{"rendered":"<p>Wenn Sie etwas Neues und Innovatives ausprobieren m\u00f6chten, sollten Sie sich dem Cross-Training anschlie\u00dfen. Cross Training kombiniert funktionelle \u00dcbungen mit H.I.T. (High Intensity Training) und [&hellip;]<\/p>\n","protected":false},"author":1,"featured_media":1985,"parent":20,"menu_order":0,"comment_status":"closed","ping_status":"closed","template":"","meta":{"_seopress_robots_primary_cat":"","_seopress_titles_title":"","_seopress_titles_desc":"","_seopress_robots_index":"","footnotes":""},"class_list":["post-1863","page","type-page","status-publish","has-post-thumbnail","hentry"],"_links":{"self":[{"href":"https:\/\/www.club-fit.eu\/de\/wp-json\/wp\/v2\/pages\/1863","targetHints":{"allow":["GET"]}}],"collection":[{"href":"https:\/\/www.club-fit.eu\/de\/wp-json\/wp\/v2\/pages"}],"about":[{"href":"https:\/\/www.club-fit.eu\/de\/wp-json\/wp\/v2\/types\/page"}],"author":[{"embeddable":true,"href":"https:\/\/www.club-fit.eu\/de\/wp-json\/wp\/v2\/users\/1"}],"replies":[{"embeddable":true,"href":"https:\/\/www.club-fit.eu\/de\/wp-json\/wp\/v2\/comments?post=1863"}],"version-history":[{"count":0,"href":"https:\/\/www.club-fit.eu\/de\/wp-json\/wp\/v2\/pages\/1863\/revisions"}],"up":[{"embeddable":true,"href":"https:\/\/www.club-fit.eu\/de\/wp-json\/wp\/v2\/pages\/20"}],"wp:featuredmedia":[{"embeddable":true,"href":"https:\/\/www.club-fit.eu\/de\/wp-json\/wp\/v2\/media\/1985"}],"wp:attachment":[{"href":"https:\/\/www.club-fit.eu\/de\/wp-json\/wp\/v2\/media?parent=1863"}],"curies":[{"name":"wp","href":"https:\/\/api.w.org\/{rel}","templated":true}]}}