{"id":1861,"date":"2023-10-20T15:30:11","date_gmt":"2023-10-20T13:30:11","guid":{"rendered":"https:\/\/www.club-fit.eu\/kurse\/corestix-h-i-t\/"},"modified":"2025-08-01T15:45:34","modified_gmt":"2025-08-01T13:45:34","slug":"corestix-h-i-t","status":"publish","type":"page","link":"https:\/\/www.club-fit.eu\/de\/kurse\/corestix-h-i-t\/","title":{"rendered":"Corestix H.I.T."},"content":{"rendered":"<p>Nehmen Sie an Corestix H.I.T. teil, st\u00e4rken Sie Ihre Muskeln, straffen Sie Ihren K\u00f6rper, verbessern Sie Ihre Rumpfstabilit\u00e4t und Ihr Gleichgewicht und steigern Sie Ihre kardiovaskul\u00e4re Ausdauer.<\/p>\n<p>Professionelle Trainer lieben es, ihre Athleten mit Corestix zu trainieren, denn das innovative System wurde speziell entwickelt, um die sportliche Leistung zu verbessern. Ob Sie h\u00e4rter schlagen, schneller schwingen oder mehr Drehmoment erzeugen wollen - Corestix bringt Ihre sportliche Leistung auf die n\u00e4chste Stufe.<\/p>\n<p>Mit der Corestix-Plattform f\u00fchren wir \u00dcbungen aus, die Sie vielleicht schon kennen, wie z. B. Kniebeugen, Ausfallschritte, Brustdr\u00fccken und Rudern. Aber die Arbeit im Stehen gegen den progressiven Widerstand der Corestix-Stangen stellt Ihren K\u00f6rper auf eine ganz neue Weise auf die Probe.<\/p>\n<p>Der BalanceTrainer - eine Halbkugel aus Latex - bietet Ihnen zus\u00e4tzliche Intensit\u00e4t, um Ihr Gleichgewicht und Ihre kardiovaskul\u00e4re Ausdauer durch H.I.T.-Training zu trainieren.<\/p>\n<p>Corestix H.I.T. ist ein Ganzk\u00f6rper- und Geistestraining, das Ihnen mit nur zwei Trainingseinheiten pro Woche gro\u00dfartige Ergebnisse bescheren wird. Finden Sie heraus, wie auch Sie Ihr Training mit Corestix H.I.T. auf die n\u00e4chste Stufe heben k\u00f6nnen.<\/p>\n","protected":false},"excerpt":{"rendered":"<p>Nehmen Sie an Corestix H.I.T. teil, st\u00e4rken Sie Ihre Muskeln, straffen Sie Ihren K\u00f6rper, verbessern Sie Ihre Rumpfstabilit\u00e4t und Ihr Gleichgewicht und steigern Sie Ihre [&hellip;]<\/p>\n","protected":false},"author":1,"featured_media":0,"parent":20,"menu_order":0,"comment_status":"closed","ping_status":"closed","template":"","meta":{"_seopress_robots_primary_cat":"","_seopress_titles_title":"","_seopress_titles_desc":"","_seopress_robots_index":"","footnotes":""},"class_list":["post-1861","page","type-page","status-publish","hentry"],"_links":{"self":[{"href":"https:\/\/www.club-fit.eu\/de\/wp-json\/wp\/v2\/pages\/1861","targetHints":{"allow":["GET"]}}],"collection":[{"href":"https:\/\/www.club-fit.eu\/de\/wp-json\/wp\/v2\/pages"}],"about":[{"href":"https:\/\/www.club-fit.eu\/de\/wp-json\/wp\/v2\/types\/page"}],"author":[{"embeddable":true,"href":"https:\/\/www.club-fit.eu\/de\/wp-json\/wp\/v2\/users\/1"}],"replies":[{"embeddable":true,"href":"https:\/\/www.club-fit.eu\/de\/wp-json\/wp\/v2\/comments?post=1861"}],"version-history":[{"count":0,"href":"https:\/\/www.club-fit.eu\/de\/wp-json\/wp\/v2\/pages\/1861\/revisions"}],"up":[{"embeddable":true,"href":"https:\/\/www.club-fit.eu\/de\/wp-json\/wp\/v2\/pages\/20"}],"wp:attachment":[{"href":"https:\/\/www.club-fit.eu\/de\/wp-json\/wp\/v2\/media?parent=1861"}],"curies":[{"name":"wp","href":"https:\/\/api.w.org\/{rel}","templated":true}]}}