{"id":1703,"date":"2022-12-30T19:11:55","date_gmt":"2022-12-30T18:11:55","guid":{"rendered":"https:\/\/www.club-fit.eu\/virtual-cycling\/"},"modified":"2025-08-05T15:05:02","modified_gmt":"2025-08-05T13:05:02","slug":"virtual-cycling","status":"publish","type":"page","link":"https:\/\/www.club-fit.eu\/de\/kurse\/virtual-cycling\/","title":{"rendered":"Virtual Cycling"},"content":{"rendered":"<p>Bei CLUB FIT bieten wir auch virtuelle Kurse an, damit Sie Indoor Cycling oder SPIN genie\u00dfen k\u00f6nnen, wann immer Sie wollen. Virtual Cycling ist ein sanftes, musikunterlegtes Training, das f\u00fcr alle Alters- und Fitnessstufen geeignet ist.<\/p>\n<p>Verbrennen Sie Kalorien, st\u00e4rken Sie Ihr Herz, steigern Sie Ihre kardiovaskul\u00e4re Ausdauer und schalten Sie ab - von 6 Uhr morgens bis 24:00 Uhr nachts.<\/p>\n<p><img loading=\"lazy\" decoding=\"async\" class=\"alignnone size-full wp-image-2197\" src=\"https:\/\/www.club-fit.eu\/wp-content\/uploads\/page\/1699\/bestcycling-logo.jpg\" alt=\"Bestcycling Logo\" width=\"1920\" height=\"932\" srcset=\"https:\/\/www.club-fit.eu\/wp-content\/uploads\/page\/1699\/bestcycling-logo.jpg 1920w, https:\/\/www.club-fit.eu\/wp-content\/uploads\/page\/1699\/bestcycling-logo-1024x497.jpg 1024w, https:\/\/www.club-fit.eu\/wp-content\/uploads\/page\/1699\/bestcycling-logo-768x373.jpg 768w, https:\/\/www.club-fit.eu\/wp-content\/uploads\/page\/1699\/bestcycling-logo-1536x746.jpg 1536w\" sizes=\"auto, (max-width: 1920px) 100vw, 1920px\" \/><\/p>\n","protected":false},"excerpt":{"rendered":"<p>Bei CLUB FIT bieten wir auch virtuelle Kurse an, damit Sie Indoor Cycling oder SPIN genie\u00dfen k\u00f6nnen, wann immer Sie wollen. Virtual Cycling ist ein [&hellip;]<\/p>\n","protected":false},"author":1,"featured_media":2197,"parent":20,"menu_order":0,"comment_status":"closed","ping_status":"closed","template":"","meta":{"_seopress_robots_primary_cat":"","_seopress_titles_title":"","_seopress_titles_desc":"","_seopress_robots_index":"","footnotes":""},"class_list":["post-1703","page","type-page","status-publish","has-post-thumbnail","hentry"],"_links":{"self":[{"href":"https:\/\/www.club-fit.eu\/de\/wp-json\/wp\/v2\/pages\/1703","targetHints":{"allow":["GET"]}}],"collection":[{"href":"https:\/\/www.club-fit.eu\/de\/wp-json\/wp\/v2\/pages"}],"about":[{"href":"https:\/\/www.club-fit.eu\/de\/wp-json\/wp\/v2\/types\/page"}],"author":[{"embeddable":true,"href":"https:\/\/www.club-fit.eu\/de\/wp-json\/wp\/v2\/users\/1"}],"replies":[{"embeddable":true,"href":"https:\/\/www.club-fit.eu\/de\/wp-json\/wp\/v2\/comments?post=1703"}],"version-history":[{"count":0,"href":"https:\/\/www.club-fit.eu\/de\/wp-json\/wp\/v2\/pages\/1703\/revisions"}],"up":[{"embeddable":true,"href":"https:\/\/www.club-fit.eu\/de\/wp-json\/wp\/v2\/pages\/20"}],"wp:featuredmedia":[{"embeddable":true,"href":"https:\/\/www.club-fit.eu\/de\/wp-json\/wp\/v2\/media\/2197"}],"wp:attachment":[{"href":"https:\/\/www.club-fit.eu\/de\/wp-json\/wp\/v2\/media?parent=1703"}],"curies":[{"name":"wp","href":"https:\/\/api.w.org\/{rel}","templated":true}]}}