{"id":1501,"date":"2021-07-28T12:39:35","date_gmt":"2021-07-28T10:39:35","guid":{"rendered":"https:\/\/www.club-fit.eu\/installationen\/bar\/"},"modified":"2025-02-28T14:58:28","modified_gmt":"2025-02-28T13:58:28","slug":"bar","status":"publish","type":"page","link":"https:\/\/www.club-fit.eu\/de\/installationen\/bar\/","title":{"rendered":"Bar"},"content":{"rendered":"<p>Unsere Automaten sind voll mit gesunden Getr\u00e4nken und Snacks best\u00fcckt, so dass du deinen Proteinshake oder Energydrink von 6:00 Uhr morgens bis 24:00 Uhr nachts bekommen kannst, ohne das Fitnessstudio verlassen zu m\u00fcssen. Versorge deinen K\u00f6rper vor, w\u00e4hrend oder nach dem Training mit ausreichend Eiwei\u00df und Energie oder nimm dir einen Snack mit auf dem Weg aus dem Fitnessstudio.<\/p>\n","protected":false},"excerpt":{"rendered":"<p>Unsere Automaten sind voll mit gesunden Getr\u00e4nken und Snacks best\u00fcckt, so dass du deinen Proteinshake oder Energydrink von 6:00 Uhr morgens bis 24:00 Uhr nachts [&hellip;]<\/p>\n","protected":false},"author":1,"featured_media":1545,"parent":409,"menu_order":0,"comment_status":"closed","ping_status":"closed","template":"","meta":{"_seopress_robots_primary_cat":"","_seopress_titles_title":"","_seopress_titles_desc":"","_seopress_robots_index":"","footnotes":""},"class_list":["post-1501","page","type-page","status-publish","has-post-thumbnail","hentry"],"_links":{"self":[{"href":"https:\/\/www.club-fit.eu\/de\/wp-json\/wp\/v2\/pages\/1501","targetHints":{"allow":["GET"]}}],"collection":[{"href":"https:\/\/www.club-fit.eu\/de\/wp-json\/wp\/v2\/pages"}],"about":[{"href":"https:\/\/www.club-fit.eu\/de\/wp-json\/wp\/v2\/types\/page"}],"author":[{"embeddable":true,"href":"https:\/\/www.club-fit.eu\/de\/wp-json\/wp\/v2\/users\/1"}],"replies":[{"embeddable":true,"href":"https:\/\/www.club-fit.eu\/de\/wp-json\/wp\/v2\/comments?post=1501"}],"version-history":[{"count":0,"href":"https:\/\/www.club-fit.eu\/de\/wp-json\/wp\/v2\/pages\/1501\/revisions"}],"up":[{"embeddable":true,"href":"https:\/\/www.club-fit.eu\/de\/wp-json\/wp\/v2\/pages\/409"}],"wp:featuredmedia":[{"embeddable":true,"href":"https:\/\/www.club-fit.eu\/de\/wp-json\/wp\/v2\/media\/1545"}],"wp:attachment":[{"href":"https:\/\/www.club-fit.eu\/de\/wp-json\/wp\/v2\/media?parent=1501"}],"curies":[{"name":"wp","href":"https:\/\/api.w.org\/{rel}","templated":true}]}}