{"id":12,"date":"2019-01-05T19:36:15","date_gmt":"2019-01-05T18:36:15","guid":{"rendered":"https:\/\/www.club-fit.eu\/?page_id=12"},"modified":"2025-08-04T19:36:07","modified_gmt":"2025-08-04T17:36:07","slug":"uber","status":"publish","type":"page","link":"https:\/\/www.club-fit.eu\/de\/uber\/","title":{"rendered":"\u00dcber CLUB FIT"},"content":{"rendered":"<h2>Club fit ist mehr als ein fitnessstudio<\/h2>\n<p>Es ist ein Fitnesscenter, in dem du dich wie zu Hause f\u00fchlen kannst, w\u00e4hrend du deine Gesundheits- und Fitnessziele erreichst. Alles, was du tun musst, ist, das Training zu w\u00e4hlen, das deinen Bed\u00fcrfnissen und deinem Zeitplan entspricht, und du wirst dich stark, selbstbewusst und gl\u00fccklich f\u00fchlen, und in k\u00fcrzester Zeit wirst du die beste Version von dir selbst sein.<\/p>\n<p>Genie\u00dfe die l\u00e4ngsten \u00d6ffnungszeiten in J\u00e1vea (6:00 Uhr morgens bis 24:00 Uhr nachts an 365 Tagen im Jahr), die gr\u00f6\u00dfte Auswahl an Kraftger\u00e4ten in der Gegend, einen Cardioraum mit unbegrenzten virtuellen Kursen und eine un\u00fcbertroffene Vielfalt an Personal-Training-Kursen in kleinen Gruppen, und verwandele deinen K\u00f6rper und Geist, wann und wie du willst.<\/p>\n<p><img loading=\"lazy\" decoding=\"async\" class=\"alignnone size-full wp-image-2179\" src=\"https:\/\/www.club-fit.eu\/wp-content\/uploads\/page\/7\/club-fit-gym-javea.jpg\" alt=\"Club Fit Gym J\u00e1vea\" width=\"1920\" height=\"888\" srcset=\"https:\/\/www.club-fit.eu\/wp-content\/uploads\/page\/7\/club-fit-gym-javea.jpg 1920w, https:\/\/www.club-fit.eu\/wp-content\/uploads\/page\/7\/club-fit-gym-javea-1024x474.jpg 1024w, https:\/\/www.club-fit.eu\/wp-content\/uploads\/page\/7\/club-fit-gym-javea-768x355.jpg 768w, https:\/\/www.club-fit.eu\/wp-content\/uploads\/page\/7\/club-fit-gym-javea-1536x710.jpg 1536w\" sizes=\"auto, (max-width: 1920px) 100vw, 1920px\" \/><\/p>\n<p style=\"margin-top: 40px; margin-bottom: 40px\"><a class=\"green-button\" href=\"\/de\/kontakt\/\">Finde mehr heraus<\/a><\/p>\n<p>Club Fit J\u00e1vea befindet sich zwischen dem Arenal und der Altstadt von J\u00e1vea und bietet alles, was du brauchst, um deine Gesundheits- und Fitnessziele zu erreichen. Du findest Club Fit Javea in der Calle Roma 3, direkt neben Camping Javea und nur zwei Gehminuten vom Supercor-Kreisverkehr entfernt. Er ist ein gro\u00dfartiger Ort, um zu trainieren, egal ob du eine Herausforderung suchst, neu im Sport bist oder einfach nur Kontakte kn\u00fcpfen willst.<\/p>\n<p>Club Fit J\u00e1vea bietet ein breites Spektrum an Einrichtungen, darunter einen Cardioraum mit Herzfrequenzmesssystem und unbegrenzte virtuelle Cycling-Kursen, einen Fitnessraum mit der gr\u00f6\u00dften Auswahl an Kraftger\u00e4ten in der Gegend, einen Bereich f\u00fcr funktionales Training und Kampfsport, einen Raum f\u00fcr Gruppentraining, ein Studio f\u00fcr Pilates an Ger\u00e4ten, eine Trainings- und Ern\u00e4hrungs-APP und ein Caf\u00e9 mit kostenlosem WiFi. Es gibt einen vollen Stundenplan mit einem breiten Angebot an Personal Training in kleinen Gruppen, darunter Kurse wie Cross Training, Corestix H.I.T., BoxFit, Pilates, und Stretch&amp;Flow.<\/p>\n<p>F\u00fcr diejenigen, die Hilfe bei der Definition ihrer Gesundheits- und Fitnessziele w\u00fcnschen, stehen Einzeltraining, Pilates an Ger\u00e4ten, Sportrehabilitation, Ern\u00e4hrungsberatung, Lifestyle-Coaching und ein Fitnesstest zur Verf\u00fcgung. Z\u00f6gere nicht, dich mit uns in Verbindung zu setzen und mit uns \u00fcber deine Gesundheits- und Fitnessziele zu sprechen. Im Club Fit J\u00e1vea sind Jahres- oder Kurzzeitmitgliedschaften sowie Tageskarten erh\u00e4ltlich. Flexibel und mit den besten Einrichtungen zum richtigen Preis, haben wir eine Mitgliedschaft, die deinen Bed\u00fcrfnissen entspricht.<\/p>\n<p>Komme uns besuchen! Melde dich noch heute f\u00fcr ein kostenloses Probetraining im Club Fit J\u00e1vea an und \u00fcberzeuge sich selbst von unseren gro\u00dfartigen Einrichtungen und unserem Angebot an erstklassigen Kursen.<\/p>\n<p style=\"margin-top: 40px; margin-bottom: 40px\"><a class=\"green-button\" href=\"\/de\/kontakt\/\">Buche jetzt dein kostenloses Probetraining<\/a><\/p>\n<h2>Die CLUB FIT Philosophie<\/h2>\n<p>Hier in Club Fit behandeln wir alle als Mitglied unserer Familie. Wenn du uns das erste Mal besuchst, zeigen wir dir das Fitnessstudio, befragen dich zu deinen Fitnesszielen und beantworten alle deine Fragen. Dann empfehlen wir dir die Art der Mitgliedschaft, die genau zu dir passt. Bei uns in Club Fit herrscht eine tolle Atmosph\u00e4re unter den Mitgliedern und jeder ist sehr freundlich. Wir garantieren dir, dass du dich nach deinem ersten Besuch schon sehr wohlf\u00fchlst und deine Motivation sich von Besuch zu Besuch steigert.<\/p>\n","protected":false},"excerpt":{"rendered":"<p>Club fit ist mehr als ein fitnessstudio Es ist ein Fitnesscenter, in dem du dich wie zu Hause f\u00fchlen kannst, w\u00e4hrend du deine Gesundheits- und [&hellip;]<\/p>\n","protected":false},"author":1,"featured_media":0,"parent":0,"menu_order":0,"comment_status":"closed","ping_status":"closed","template":"","meta":{"_seopress_robots_primary_cat":"","_seopress_titles_title":"","_seopress_titles_desc":"Club Fit Javea liegt zwischen dem Arenal und der Altstadt von Javea und bietet alles, was du ben\u00f6tigst, um deine Gesundheits- und Fitnessziele zu erreichen.","_seopress_robots_index":"","footnotes":""},"class_list":["post-12","page","type-page","status-publish","hentry"],"_links":{"self":[{"href":"https:\/\/www.club-fit.eu\/de\/wp-json\/wp\/v2\/pages\/12","targetHints":{"allow":["GET"]}}],"collection":[{"href":"https:\/\/www.club-fit.eu\/de\/wp-json\/wp\/v2\/pages"}],"about":[{"href":"https:\/\/www.club-fit.eu\/de\/wp-json\/wp\/v2\/types\/page"}],"author":[{"embeddable":true,"href":"https:\/\/www.club-fit.eu\/de\/wp-json\/wp\/v2\/users\/1"}],"replies":[{"embeddable":true,"href":"https:\/\/www.club-fit.eu\/de\/wp-json\/wp\/v2\/comments?post=12"}],"version-history":[{"count":0,"href":"https:\/\/www.club-fit.eu\/de\/wp-json\/wp\/v2\/pages\/12\/revisions"}],"wp:attachment":[{"href":"https:\/\/www.club-fit.eu\/de\/wp-json\/wp\/v2\/media?parent=12"}],"curies":[{"name":"wp","href":"https:\/\/api.w.org\/{rel}","templated":true}]}}