{"id":1170,"date":"2020-02-03T12:34:30","date_gmt":"2020-02-03T11:34:30","guid":{"rendered":"https:\/\/www.club-fit.eu\/?page_id=1170"},"modified":"2023-10-23T16:43:12","modified_gmt":"2023-10-23T14:43:12","slug":"boxfit","status":"publish","type":"page","link":"https:\/\/www.club-fit.eu\/de\/kurse\/boxfit\/","title":{"rendered":"BoxFit"},"content":{"rendered":"<p>BoxFit kombiniert verschiedene Kampfsportarten mit funktionellem Training, um Ihre Reaktion, Koordination, Kardio und Kraft zu fordern und Ihnen ein belebendes Training f\u00fcr K\u00f6rper und Geist zu bieten.<\/p>\n<p>Mit Jabs, Straights, Hooks, Uppercuts und Kicks werden Sie nicht nur Ihren ganzen K\u00f6rper formen und st\u00e4rker und schneller werden, sondern auch jede Menge Kalorien verbrennen. Mit zus\u00e4tzlichen Kardio- und Funktionstrainings\u00fcbungen gehen Sie bis an Ihre Grenzen.<\/p>\n<p>Dar\u00fcber hinaus hilft BoxFit durch die Aussch\u00fcttung von Endorphinen, Stress und Angst abzubauen, sodass Sie den Kurs gl\u00fccklich und energiegeladen verlassen werden.<\/p>\n","protected":false},"excerpt":{"rendered":"<p>BoxFit kombiniert verschiedene Kampfsportarten mit funktionellem Training, um Ihre Reaktion, Koordination, Kardio und Kraft zu fordern und Ihnen ein belebendes Training f\u00fcr K\u00f6rper und Geist [&hellip;]<\/p>\n","protected":false},"author":1,"featured_media":1976,"parent":20,"menu_order":0,"comment_status":"closed","ping_status":"closed","template":"","meta":{"_seopress_robots_primary_cat":"","_seopress_titles_title":"","_seopress_titles_desc":"","_seopress_robots_index":"","footnotes":""},"class_list":["post-1170","page","type-page","status-publish","has-post-thumbnail","hentry"],"_links":{"self":[{"href":"https:\/\/www.club-fit.eu\/de\/wp-json\/wp\/v2\/pages\/1170","targetHints":{"allow":["GET"]}}],"collection":[{"href":"https:\/\/www.club-fit.eu\/de\/wp-json\/wp\/v2\/pages"}],"about":[{"href":"https:\/\/www.club-fit.eu\/de\/wp-json\/wp\/v2\/types\/page"}],"author":[{"embeddable":true,"href":"https:\/\/www.club-fit.eu\/de\/wp-json\/wp\/v2\/users\/1"}],"replies":[{"embeddable":true,"href":"https:\/\/www.club-fit.eu\/de\/wp-json\/wp\/v2\/comments?post=1170"}],"version-history":[{"count":0,"href":"https:\/\/www.club-fit.eu\/de\/wp-json\/wp\/v2\/pages\/1170\/revisions"}],"up":[{"embeddable":true,"href":"https:\/\/www.club-fit.eu\/de\/wp-json\/wp\/v2\/pages\/20"}],"wp:featuredmedia":[{"embeddable":true,"href":"https:\/\/www.club-fit.eu\/de\/wp-json\/wp\/v2\/media\/1976"}],"wp:attachment":[{"href":"https:\/\/www.club-fit.eu\/de\/wp-json\/wp\/v2\/media?parent=1170"}],"curies":[{"name":"wp","href":"https:\/\/api.w.org\/{rel}","templated":true}]}}